{"id":12582,"date":"2012-03-13T09:25:56","date_gmt":"2012-03-13T13:25:56","guid":{"rendered":"https:\/\/soumissionassurancevie.ca\/?page_id=12582"},"modified":"2012-03-13T09:25:56","modified_gmt":"2012-03-13T13:25:56","slug":"who-are-we","status":"publish","type":"page","link":"https:\/\/soumissionassurancevie.ca\/en\/who-are-we\/","title":{"rendered":"Who are we?"},"content":{"rendered":"<div class='sp_form_composition_json'><\/div>\n<p>SOUMISSIONASSURANCEVIE.CA INC. is a premium comparison service. The SoumissionAssuranceVie.ca inc. financial service cabinet is certified by the Autorit\u00e9 des march\u00e9s financiers (AMF) (Inscription no. 516254).<\/p>\n\n\n\n<p><strong>Since 2001,<\/strong> the <strong><a href=\"https:\/\/soumissionassurancevie.ca\/en\/\">SoumissionAssuranceVie.ca<\/a><\/strong> team has been in constant evolution. We use tools that research financial institutions and provide 24-hour updates so we can offer the best life insurance rates from banks, Desjardins and\/or insurance companies which offers life insurance.<\/p>\n\n\n\n<p><strong>Obligation of loyalty<\/strong><\/p>\n\n\n\n<p>All of our customer service representative have their licence from the Chambre De La S\u00e9curit\u00e9 Financi\u00e8re et de l\u2019Autorit\u00e9 Des March\u00e9s Financiers (the AMF). We are required to be honest, upstanding, competent and diligent.<\/p>\n\n\n\n<p><strong>Conflict of interest<\/strong><\/p>\n\n\n\n<p>We have ruled out any potential conflict of interest since we are not affiliated with any particular financial institution. This allows to give you the best quote available on the market for your group insurance. Because we do things right, we do not prioritize any financial institution in particular.<\/p>\n\n\n\n<p><strong>Our financial permits are obtained from the Autorit\u00e9 des March\u00e9s Financiers pour le Qu\u00e9bec, the Financial Services Commission of Ontario and the Financial and Consumer Services Commission which allows us to operate in those provinces.<\/strong><\/p>\n\n\n\n<h2 class=\"wp-block-heading\">Questions?<\/h2>\n\n\n\n<p>Our customer service representatives will gladly answer any questions you may have. All of our customer service representatives are registered with the Autorit\u00e9 des March\u00e9s Financiers (AMF).<\/p>\n","protected":false},"excerpt":{"rendered":"<p>SOUMISSIONASSURANCEVIE.CA INC. is a premium comparison service. The SoumissionAssuranceVie.ca inc. financial service cabinet is certified by the Autorit\u00e9 des march\u00e9s financiers (AMF) (Inscription no. 516254). Since 2001, the SoumissionAssuranceVie.ca team has been in constant evolution. We use tools that research financial institutions and provide 24-hour updates so we can offer the best life insurance rates [&hellip;]<\/p>\n","protected":false},"author":2,"featured_media":0,"parent":0,"menu_order":0,"comment_status":"open","ping_status":"open","template":"template-texte.php","meta":{"footnotes":""},"class_list":["post-12582","page","type-page","status-publish","hentry","cat-nouvelles-"],"yoast_head":"<!-- This site is optimized with the Yoast SEO plugin v25.7 - https:\/\/yoast.com\/wordpress\/plugins\/seo\/ -->\n<title>Who are we? | soumissionassurancevie.ca<\/title>\n<meta name=\"robots\" content=\"index, follow, max-snippet:-1, max-image-preview:large, max-video-preview:-1\" \/>\n<link rel=\"canonical\" href=\"https:\/\/soumissionassurancevie.ca\/en\/who-are-we\/\" \/>\n<meta property=\"og:locale\" content=\"en_US\" \/>\n<meta property=\"og:type\" content=\"article\" \/>\n<meta property=\"og:title\" content=\"Who are we? | soumissionassurancevie.ca\" \/>\n<meta property=\"og:description\" content=\"SOUMISSIONASSURANCEVIE.CA INC. is a premium comparison service. The SoumissionAssuranceVie.ca inc. financial service cabinet is certified by the Autorit\u00e9 des march\u00e9s financiers (AMF) (Inscription no. 516254). Since 2001, the SoumissionAssuranceVie.ca team has been in constant evolution. We use tools that research financial institutions and provide 24-hour updates so we can offer the best life insurance rates [&hellip;]\" \/>\n<meta property=\"og:url\" content=\"https:\/\/soumissionassurancevie.ca\/en\/who-are-we\/\" \/>\n<meta property=\"og:site_name\" content=\"SoumissionAssuranceVie.ca\" \/>\n<meta property=\"article:publisher\" content=\"https:\/\/www.facebook.com\/SoumissionAssuranceVie.ca\" \/>\n<meta property=\"og:image\" content=\"https:\/\/soumissionassurancevie.ca\/wp-content\/uploads\/soumissionassurancevie.ca-assurance-meilleur-prix-1.png\" \/>\n\t<meta property=\"og:image:width\" content=\"387\" \/>\n\t<meta property=\"og:image:height\" content=\"108\" \/>\n\t<meta property=\"og:image:type\" content=\"image\/png\" \/>\n<meta name=\"twitter:card\" content=\"summary_large_image\" \/>\n<meta name=\"twitter:site\" content=\"@AssuranceVieQc\" \/>\n<meta name=\"twitter:label1\" content=\"Est. reading time\" \/>\n\t<meta name=\"twitter:data1\" content=\"1 minute\" \/>\n<script type=\"application\/ld+json\" class=\"yoast-schema-graph\">{\"@context\":\"https:\/\/schema.org\",\"@graph\":[{\"@type\":\"WebPage\",\"@id\":\"https:\/\/soumissionassurancevie.ca\/en\/who-are-we\/\",\"url\":\"https:\/\/soumissionassurancevie.ca\/en\/who-are-we\/\",\"name\":\"Who are we? | soumissionassurancevie.ca\",\"isPartOf\":{\"@id\":\"https:\/\/soumissionassurancevie.ca\/#website\"},\"datePublished\":\"2012-03-13T13:25:56+00:00\",\"inLanguage\":\"en-CA\",\"potentialAction\":[{\"@type\":\"ReadAction\",\"target\":[\"https:\/\/soumissionassurancevie.ca\/en\/who-are-we\/\"]}]},{\"@type\":\"WebSite\",\"@id\":\"https:\/\/soumissionassurancevie.ca\/#website\",\"url\":\"https:\/\/soumissionassurancevie.ca\/\",\"name\":\"SoumissionAssuranceVie.ca\",\"description\":\"C&#039;est l&#039;assurance du meilleur prix!\",\"potentialAction\":[{\"@type\":\"SearchAction\",\"target\":{\"@type\":\"EntryPoint\",\"urlTemplate\":\"https:\/\/soumissionassurancevie.ca\/?s={search_term_string}\"},\"query-input\":{\"@type\":\"PropertyValueSpecification\",\"valueRequired\":true,\"valueName\":\"search_term_string\"}}],\"inLanguage\":\"en-CA\"}]}<\/script>\n<!-- \/ Yoast SEO plugin. -->","yoast_head_json":{"title":"Who are we? | soumissionassurancevie.ca","robots":{"index":"index","follow":"follow","max-snippet":"max-snippet:-1","max-image-preview":"max-image-preview:large","max-video-preview":"max-video-preview:-1"},"canonical":"https:\/\/soumissionassurancevie.ca\/en\/who-are-we\/","og_locale":"en_US","og_type":"article","og_title":"Who are we? | soumissionassurancevie.ca","og_description":"SOUMISSIONASSURANCEVIE.CA INC. is a premium comparison service. The SoumissionAssuranceVie.ca inc. financial service cabinet is certified by the Autorit\u00e9 des march\u00e9s financiers (AMF) (Inscription no. 516254). Since 2001, the SoumissionAssuranceVie.ca team has been in constant evolution. We use tools that research financial institutions and provide 24-hour updates so we can offer the best life insurance rates [&hellip;]","og_url":"https:\/\/soumissionassurancevie.ca\/en\/who-are-we\/","og_site_name":"SoumissionAssuranceVie.ca","article_publisher":"https:\/\/www.facebook.com\/SoumissionAssuranceVie.ca","og_image":[{"width":387,"height":108,"url":"https:\/\/soumissionassurancevie.ca\/wp-content\/uploads\/soumissionassurancevie.ca-assurance-meilleur-prix-1.png","type":"image\/png"}],"twitter_card":"summary_large_image","twitter_site":"@AssuranceVieQc","twitter_misc":{"Est. reading time":"1 minute"},"schema":{"@context":"https:\/\/schema.org","@graph":[{"@type":"WebPage","@id":"https:\/\/soumissionassurancevie.ca\/en\/who-are-we\/","url":"https:\/\/soumissionassurancevie.ca\/en\/who-are-we\/","name":"Who are we? | soumissionassurancevie.ca","isPartOf":{"@id":"https:\/\/soumissionassurancevie.ca\/#website"},"datePublished":"2012-03-13T13:25:56+00:00","inLanguage":"en-CA","potentialAction":[{"@type":"ReadAction","target":["https:\/\/soumissionassurancevie.ca\/en\/who-are-we\/"]}]},{"@type":"WebSite","@id":"https:\/\/soumissionassurancevie.ca\/#website","url":"https:\/\/soumissionassurancevie.ca\/","name":"SoumissionAssuranceVie.ca","description":"C&#039;est l&#039;assurance du meilleur prix!","potentialAction":[{"@type":"SearchAction","target":{"@type":"EntryPoint","urlTemplate":"https:\/\/soumissionassurancevie.ca\/?s={search_term_string}"},"query-input":{"@type":"PropertyValueSpecification","valueRequired":true,"valueName":"search_term_string"}}],"inLanguage":"en-CA"}]}},"_links":{"self":[{"href":"https:\/\/soumissionassurancevie.ca\/en\/wp-json\/wp\/v2\/pages\/12582","targetHints":{"allow":["GET"]}}],"collection":[{"href":"https:\/\/soumissionassurancevie.ca\/en\/wp-json\/wp\/v2\/pages"}],"about":[{"href":"https:\/\/soumissionassurancevie.ca\/en\/wp-json\/wp\/v2\/types\/page"}],"author":[{"embeddable":true,"href":"https:\/\/soumissionassurancevie.ca\/en\/wp-json\/wp\/v2\/users\/2"}],"replies":[{"embeddable":true,"href":"https:\/\/soumissionassurancevie.ca\/en\/wp-json\/wp\/v2\/comments?post=12582"}],"version-history":[{"count":49,"href":"https:\/\/soumissionassurancevie.ca\/en\/wp-json\/wp\/v2\/pages\/12582\/revisions"}],"predecessor-version":[{"id":24757,"href":"https:\/\/soumissionassurancevie.ca\/en\/wp-json\/wp\/v2\/pages\/12582\/revisions\/24757"}],"wp:attachment":[{"href":"https:\/\/soumissionassurancevie.ca\/en\/wp-json\/wp\/v2\/media?parent=12582"}],"curies":[{"name":"wp","href":"https:\/\/api.w.org\/{rel}","templated":true}]}}